{"id":2074,"date":"2016-01-01T12:00:08","date_gmt":"2016-01-01T11:00:08","guid":{"rendered":"https:\/\/www.industrial-textile-solutions.texinov.com\/nos-metiers\/"},"modified":"2019-03-06T13:31:37","modified_gmt":"2019-03-06T13:31:37","slug":"the-company","status":"publish","type":"page","link":"https:\/\/www.industrial-textile-solutions.texinov.com\/en\/the-company\/","title":{"rendered":"The company"},"content":{"rendered":"<p><strong>Lorem Ipsum<\/strong>\u00a0est un\u00a0<strong>g\u00e9n\u00e9rateur de faux textes al\u00e9atoires<\/strong>. Vous choisissez le nombre de\u00a0<strong>paragraphes<\/strong>, de\u00a0<strong>mots<\/strong>\u00a0ou de\u00a0<strong>listes<\/strong>. Vous obtenez alors un texte al\u00e9atoire que vous pourrez ensuite utiliser librement dans vos maquettes.<strong>Lorem Ipsum<\/strong>\u00a0est un\u00a0<strong>g\u00e9n\u00e9rateur de faux textes al\u00e9atoires<\/strong>. Vous choisissez le nombre de\u00a0<strong>paragraphes<\/strong>, de\u00a0<strong>mots<\/strong>\u00a0ou de\u00a0<strong>listes<\/strong>. Vous obtenez alors un texte al\u00e9atoire que vous pourrez ensuite utiliser librement dans vos maquettes.<strong>Lorem Ipsum<\/strong>\u00a0est un\u00a0<strong>g\u00e9n\u00e9rateur de faux textes al\u00e9atoires<\/strong>. Vous choisissez le nombre de\u00a0<strong>paragraphes<\/strong>, de\u00a0<strong>mots<\/strong>\u00a0ou de\u00a0<strong>listes<\/strong>. Vous obtenez alors un texte al\u00e9atoire que vous pourrez ensuite utiliser librement dans vos maquettes.<strong>Lorem Ipsum<\/strong>\u00a0est un\u00a0<strong>g\u00e9n\u00e9rateur de faux textes al\u00e9atoires<\/strong>. Vous choisissez le nombre de\u00a0<strong>paragraphes<\/strong>, de\u00a0<strong>mots<\/strong>\u00a0ou de\u00a0<strong>listes<\/strong>. Vous obtenez alors un texte al\u00e9atoire que vous pourrez ensuite utiliser librement dans vos maquettes.<strong>Lorem Ipsum<\/strong>\u00a0est un\u00a0<strong>g\u00e9n\u00e9rateur de faux textes al\u00e9atoires<\/strong>. Vous choisissez le nombre de\u00a0<strong>paragraphes<\/strong>, de\u00a0<strong>mots<\/strong>\u00a0ou de\u00a0<strong>listes<\/strong>. Vous obtenez alors un texte al\u00e9atoire que vous pourrez ensuite utiliser librement dans vos maquettes.<strong>Lorem Ipsum<\/strong>\u00a0est un\u00a0<strong>g\u00e9n\u00e9rateur de faux textes al\u00e9atoires<\/strong>. Vous choisissez le nombre de\u00a0<strong>paragraphes<\/strong>, de\u00a0<strong>mots<\/strong>\u00a0ou de\u00a0<strong>listes<\/strong>. Vous obtenez alors un texte al\u00e9atoire que vous pourrez ensuite utiliser librement dans vos maquettes.<strong>Lorem Ipsum<\/strong>\u00a0est un\u00a0<strong>g\u00e9n\u00e9rateur de faux textes al\u00e9atoires<\/strong>. Vous choisissez le nombre de\u00a0<strong>paragraphes<\/strong>, de\u00a0<strong>mots<\/strong>\u00a0ou de\u00a0<strong>listes<\/strong>. Vous obtenez alors un texte al\u00e9atoire que vous pourrez ensuite utiliser librement dans vos maquettes.<strong>Lorem Ipsum<\/strong>\u00a0est un\u00a0<strong>g\u00e9n\u00e9rateur de faux textes al\u00e9atoires<\/strong>. Vous choisissez le nombre de\u00a0<strong>paragraphes<\/strong>, de\u00a0<strong>mots<\/strong>\u00a0ou de\u00a0<strong>listes<\/strong>. Vous obtenez alors un texte al\u00e9atoire que vous pourrez ensuite utiliser librement dans vos maquettes.<strong>Lorem Ipsum<\/strong>\u00a0est un\u00a0<strong>g\u00e9n\u00e9rateur de faux textes al\u00e9atoires<\/strong>. Vous choisissez le nombre de\u00a0<strong>paragraphes<\/strong>, de\u00a0<strong>mots<\/strong>\u00a0ou de\u00a0<strong>listes<\/strong>. Vous obtenez alors un texte al\u00e9atoire que vous pourrez ensuite utiliser librement dans vos maquettes.<strong>Lorem Ipsum<\/strong>\u00a0est un\u00a0<strong>g\u00e9n\u00e9rateur de faux textes al\u00e9atoires<\/strong>. Vous choisissez le nombre de\u00a0<strong>paragraphes<\/strong>, de\u00a0<strong>mots<\/strong>\u00a0ou de\u00a0<strong>listes<\/strong>. Vous obtenez alors un texte al\u00e9atoire que vous pourrez ensuite utiliser librement dans vos maquettes.<strong>Lorem Ipsum<\/strong>\u00a0est un\u00a0<strong>g\u00e9n\u00e9rateur de faux textes al\u00e9atoires<\/strong>. Vous choisissez le nombre de\u00a0<strong>paragraphes<\/strong>, de\u00a0<strong>mots<\/strong>\u00a0ou de\u00a0<strong>listes<\/strong>. Vous obtenez alors un texte al\u00e9atoire que vous pourrez ensuite utiliser librement dans vos maquettes.<strong>Lorem Ipsum<\/strong>\u00a0est un\u00a0<strong>g\u00e9n\u00e9rateur de faux textes al\u00e9atoires<\/strong>. Vous choisissez le nombre de\u00a0<strong>paragraphes<\/strong>, de\u00a0<strong>mots<\/strong>\u00a0ou de\u00a0<strong>listes<\/strong>. Vous obtenez alors un texte al\u00e9atoire que vous pourrez ensuite utiliser librement dans vos maquettes.<strong>Lorem Ipsum<\/strong>\u00a0est un\u00a0<strong>g\u00e9n\u00e9rateur de faux textes al\u00e9atoires<\/strong>. Vous choisissez le nombre de\u00a0<strong>paragraphes<\/strong>, de\u00a0<strong>mots<\/strong>\u00a0ou de\u00a0<strong>listes<\/strong>. Vous obtenez alors un texte al\u00e9atoire que vous pourrez ensuite utiliser librement dans vos maquettes.<\/p>\n","protected":false},"excerpt":{"rendered":"<p>Lorem Ipsum\u00a0est un\u00a0g\u00e9n\u00e9rateur de faux textes al\u00e9atoires. Vous choisissez le nombre de\u00a0paragraphes, de\u00a0mots\u00a0ou de\u00a0listes. Vous obtenez alors un texte al\u00e9atoire<a class=\"read-more\" href=\"https:\/\/www.industrial-textile-solutions.texinov.com\/en\/the-company\/\">Read More<\/a><\/p>\n","protected":false},"author":1,"featured_media":0,"parent":0,"menu_order":0,"comment_status":"closed","ping_status":"closed","template":"templates\/lines-of-business.php","meta":{"_acf_changed":false,"_exactmetrics_skip_tracking":false,"_exactmetrics_sitenote_active":false,"_exactmetrics_sitenote_note":"","_exactmetrics_sitenote_category":0,"footnotes":""},"class_list":["post-2074","page","type-page","status-publish","hentry"],"acf":[],"yoast_head":"<!-- This site is optimized with the Yoast SEO plugin v23.4 - https:\/\/yoast.com\/wordpress\/plugins\/seo\/ -->\n<title>The company ~ MDB Texinov Industrial<\/title>\n<meta name=\"robots\" content=\"index, follow, max-snippet:-1, max-image-preview:large, max-video-preview:-1\" \/>\n<link rel=\"canonical\" href=\"https:\/\/www.industrial-textile-solutions.texinov.com\/en\/the-company\/\" \/>\n<meta property=\"og:locale\" content=\"en_US\" \/>\n<meta property=\"og:type\" content=\"article\" \/>\n<meta property=\"og:title\" content=\"The company ~ MDB Texinov Industrial\" \/>\n<meta property=\"og:description\" content=\"Lorem Ipsum\u00a0est un\u00a0g\u00e9n\u00e9rateur de faux textes al\u00e9atoires. Vous choisissez le nombre de\u00a0paragraphes, de\u00a0mots\u00a0ou de\u00a0listes. Vous obtenez alors un texte al\u00e9atoireRead More\" \/>\n<meta property=\"og:url\" content=\"https:\/\/www.industrial-textile-solutions.texinov.com\/en\/the-company\/\" \/>\n<meta property=\"og:site_name\" content=\"MDB Texinov Industrial\" \/>\n<meta property=\"article:publisher\" content=\"https:\/\/www.facebook.com\/texinov\/\" \/>\n<meta property=\"article:modified_time\" content=\"2019-03-06T13:31:37+00:00\" \/>\n<meta name=\"twitter:card\" content=\"summary_large_image\" \/>\n<meta name=\"twitter:label1\" content=\"Est. reading time\" \/>\n\t<meta name=\"twitter:data1\" content=\"3 minutes\" \/>\n<script type=\"application\/ld+json\" class=\"yoast-schema-graph\">{\"@context\":\"https:\/\/schema.org\",\"@graph\":[{\"@type\":\"WebPage\",\"@id\":\"https:\/\/www.industrial-textile-solutions.texinov.com\/en\/the-company\/\",\"url\":\"https:\/\/www.industrial-textile-solutions.texinov.com\/en\/the-company\/\",\"name\":\"The company ~ MDB Texinov Industrial\",\"isPartOf\":{\"@id\":\"https:\/\/www.industrial-textile-solutions.texinov.com\/#website\"},\"datePublished\":\"2016-01-01T11:00:08+00:00\",\"dateModified\":\"2019-03-06T13:31:37+00:00\",\"breadcrumb\":{\"@id\":\"https:\/\/www.industrial-textile-solutions.texinov.com\/en\/the-company\/#breadcrumb\"},\"inLanguage\":\"en-US\",\"potentialAction\":[{\"@type\":\"ReadAction\",\"target\":[\"https:\/\/www.industrial-textile-solutions.texinov.com\/en\/the-company\/\"]}]},{\"@type\":\"BreadcrumbList\",\"@id\":\"https:\/\/www.industrial-textile-solutions.texinov.com\/en\/the-company\/#breadcrumb\",\"itemListElement\":[{\"@type\":\"ListItem\",\"position\":1,\"name\":\"Accueil\",\"item\":\"https:\/\/www.industrial-textile-solutions.texinov.com\/en\/\"},{\"@type\":\"ListItem\",\"position\":2,\"name\":\"The company\"}]},{\"@type\":\"WebSite\",\"@id\":\"https:\/\/www.industrial-textile-solutions.texinov.com\/#website\",\"url\":\"https:\/\/www.industrial-textile-solutions.texinov.com\/\",\"name\":\"MDB Texinov Industrial\",\"description\":\"Manufacturer of technical textiles\",\"publisher\":{\"@id\":\"https:\/\/www.industrial-textile-solutions.texinov.com\/#organization\"},\"potentialAction\":[{\"@type\":\"SearchAction\",\"target\":{\"@type\":\"EntryPoint\",\"urlTemplate\":\"https:\/\/www.industrial-textile-solutions.texinov.com\/?s={search_term_string}\"},\"query-input\":{\"@type\":\"PropertyValueSpecification\",\"valueRequired\":true,\"valueName\":\"search_term_string\"}}],\"inLanguage\":\"en-US\"},{\"@type\":\"Organization\",\"@id\":\"https:\/\/www.industrial-textile-solutions.texinov.com\/#organization\",\"name\":\"MDB Texinov Industrie\",\"url\":\"https:\/\/www.industrial-textile-solutions.texinov.com\/\",\"logo\":{\"@type\":\"ImageObject\",\"inLanguage\":\"en-US\",\"@id\":\"https:\/\/www.industrial-textile-solutions.texinov.com\/#\/schema\/logo\/image\/\",\"url\":\"https:\/\/www.industrial-textile-solutions.texinov.com\/wp-content\/uploads\/sites\/5\/2018\/03\/favapp-indu.png\",\"contentUrl\":\"https:\/\/www.industrial-textile-solutions.texinov.com\/wp-content\/uploads\/sites\/5\/2018\/03\/favapp-indu.png\",\"width\":200,\"height\":200,\"caption\":\"MDB Texinov Industrie\"},\"image\":{\"@id\":\"https:\/\/www.industrial-textile-solutions.texinov.com\/#\/schema\/logo\/image\/\"},\"sameAs\":[\"https:\/\/www.facebook.com\/texinov\/\",\"https:\/\/www.linkedin.com\/company\/mdbtexinov\",\"https:\/\/www.youtube.com\/channel\/UCr28OueclBbky7lgnaESMfg\"]}]}<\/script>\n<!-- \/ Yoast SEO plugin. -->","yoast_head_json":{"title":"The company ~ MDB Texinov Industrial","robots":{"index":"index","follow":"follow","max-snippet":"max-snippet:-1","max-image-preview":"max-image-preview:large","max-video-preview":"max-video-preview:-1"},"canonical":"https:\/\/www.industrial-textile-solutions.texinov.com\/en\/the-company\/","og_locale":"en_US","og_type":"article","og_title":"The company ~ MDB Texinov Industrial","og_description":"Lorem Ipsum\u00a0est un\u00a0g\u00e9n\u00e9rateur de faux textes al\u00e9atoires. Vous choisissez le nombre de\u00a0paragraphes, de\u00a0mots\u00a0ou de\u00a0listes. Vous obtenez alors un texte al\u00e9atoireRead More","og_url":"https:\/\/www.industrial-textile-solutions.texinov.com\/en\/the-company\/","og_site_name":"MDB Texinov Industrial","article_publisher":"https:\/\/www.facebook.com\/texinov\/","article_modified_time":"2019-03-06T13:31:37+00:00","twitter_card":"summary_large_image","twitter_misc":{"Est. reading time":"3 minutes"},"schema":{"@context":"https:\/\/schema.org","@graph":[{"@type":"WebPage","@id":"https:\/\/www.industrial-textile-solutions.texinov.com\/en\/the-company\/","url":"https:\/\/www.industrial-textile-solutions.texinov.com\/en\/the-company\/","name":"The company ~ MDB Texinov Industrial","isPartOf":{"@id":"https:\/\/www.industrial-textile-solutions.texinov.com\/#website"},"datePublished":"2016-01-01T11:00:08+00:00","dateModified":"2019-03-06T13:31:37+00:00","breadcrumb":{"@id":"https:\/\/www.industrial-textile-solutions.texinov.com\/en\/the-company\/#breadcrumb"},"inLanguage":"en-US","potentialAction":[{"@type":"ReadAction","target":["https:\/\/www.industrial-textile-solutions.texinov.com\/en\/the-company\/"]}]},{"@type":"BreadcrumbList","@id":"https:\/\/www.industrial-textile-solutions.texinov.com\/en\/the-company\/#breadcrumb","itemListElement":[{"@type":"ListItem","position":1,"name":"Accueil","item":"https:\/\/www.industrial-textile-solutions.texinov.com\/en\/"},{"@type":"ListItem","position":2,"name":"The company"}]},{"@type":"WebSite","@id":"https:\/\/www.industrial-textile-solutions.texinov.com\/#website","url":"https:\/\/www.industrial-textile-solutions.texinov.com\/","name":"MDB Texinov Industrial","description":"Manufacturer of technical textiles","publisher":{"@id":"https:\/\/www.industrial-textile-solutions.texinov.com\/#organization"},"potentialAction":[{"@type":"SearchAction","target":{"@type":"EntryPoint","urlTemplate":"https:\/\/www.industrial-textile-solutions.texinov.com\/?s={search_term_string}"},"query-input":{"@type":"PropertyValueSpecification","valueRequired":true,"valueName":"search_term_string"}}],"inLanguage":"en-US"},{"@type":"Organization","@id":"https:\/\/www.industrial-textile-solutions.texinov.com\/#organization","name":"MDB Texinov Industrie","url":"https:\/\/www.industrial-textile-solutions.texinov.com\/","logo":{"@type":"ImageObject","inLanguage":"en-US","@id":"https:\/\/www.industrial-textile-solutions.texinov.com\/#\/schema\/logo\/image\/","url":"https:\/\/www.industrial-textile-solutions.texinov.com\/wp-content\/uploads\/sites\/5\/2018\/03\/favapp-indu.png","contentUrl":"https:\/\/www.industrial-textile-solutions.texinov.com\/wp-content\/uploads\/sites\/5\/2018\/03\/favapp-indu.png","width":200,"height":200,"caption":"MDB Texinov Industrie"},"image":{"@id":"https:\/\/www.industrial-textile-solutions.texinov.com\/#\/schema\/logo\/image\/"},"sameAs":["https:\/\/www.facebook.com\/texinov\/","https:\/\/www.linkedin.com\/company\/mdbtexinov","https:\/\/www.youtube.com\/channel\/UCr28OueclBbky7lgnaESMfg"]}]}},"_links":{"self":[{"href":"https:\/\/www.industrial-textile-solutions.texinov.com\/en\/wp-json\/wp\/v2\/pages\/2074"}],"collection":[{"href":"https:\/\/www.industrial-textile-solutions.texinov.com\/en\/wp-json\/wp\/v2\/pages"}],"about":[{"href":"https:\/\/www.industrial-textile-solutions.texinov.com\/en\/wp-json\/wp\/v2\/types\/page"}],"author":[{"embeddable":true,"href":"https:\/\/www.industrial-textile-solutions.texinov.com\/en\/wp-json\/wp\/v2\/users\/1"}],"replies":[{"embeddable":true,"href":"https:\/\/www.industrial-textile-solutions.texinov.com\/en\/wp-json\/wp\/v2\/comments?post=2074"}],"version-history":[{"count":5,"href":"https:\/\/www.industrial-textile-solutions.texinov.com\/en\/wp-json\/wp\/v2\/pages\/2074\/revisions"}],"predecessor-version":[{"id":2191,"href":"https:\/\/www.industrial-textile-solutions.texinov.com\/en\/wp-json\/wp\/v2\/pages\/2074\/revisions\/2191"}],"wp:attachment":[{"href":"https:\/\/www.industrial-textile-solutions.texinov.com\/en\/wp-json\/wp\/v2\/media?parent=2074"}],"curies":[{"name":"wp","href":"https:\/\/api.w.org\/{rel}","templated":true}]}}